{"id":57,"date":"2024-03-29T23:00:14","date_gmt":"2024-03-29T22:00:14","guid":{"rendered":"https:\/\/www.lesateliersdepontajou.fr\/?page_id=57"},"modified":"2025-09-09T15:01:40","modified_gmt":"2025-09-09T13:01:40","slug":"date-des-stages","status":"publish","type":"page","link":"https:\/\/www.lesateliersdepontajou.fr\/index.php\/ateliersdeceramiques\/date-des-stages\/","title":{"rendered":"Date des stages"},"content":{"rendered":"\t\t<div data-elementor-type=\"wp-page\" data-elementor-id=\"57\" class=\"elementor elementor-57\">\n\t\t\t\t<div class=\"elementor-element elementor-element-bcc8078 e-flex e-con-boxed e-con e-parent\" data-id=\"bcc8078\" data-element_type=\"container\" data-core-v316-plus=\"true\">\n\t\t\t\t\t<div class=\"e-con-inner\">\n\t\t\t\t<div class=\"elementor-element elementor-element-6844955 elementor-widget elementor-widget-text-editor\" data-id=\"6844955\" data-element_type=\"widget\" data-widget_type=\"text-editor.default\">\n\t\t\t\t<div class=\"elementor-widget-container\">\n\t\t\t<style>\/*! elementor - v3.20.0 - 13-03-2024 *\/\n.elementor-widget-text-editor.elementor-drop-cap-view-stacked .elementor-drop-cap{background-color:#69727d;color:#fff}.elementor-widget-text-editor.elementor-drop-cap-view-framed .elementor-drop-cap{color:#69727d;border:3px solid;background-color:transparent}.elementor-widget-text-editor:not(.elementor-drop-cap-view-default) .elementor-drop-cap{margin-top:8px}.elementor-widget-text-editor:not(.elementor-drop-cap-view-default) .elementor-drop-cap-letter{width:1em;height:1em}.elementor-widget-text-editor .elementor-drop-cap{float:left;text-align:center;line-height:1;font-size:50px}.elementor-widget-text-editor .elementor-drop-cap-letter{display:inline-block}<\/style>\t\t\t\t<div class=\"stagecalendrier\"><p><i>Vacances de Toussaint 2025 :<\/i><\/p><p>Du 20 octobre au 24 octobre. Possibilit\u00e9 d\u2019organiser des stages Modelage, Raku, Coulage porcelaine en fonction de la demande et du nombre de personnes.<\/p><p>Vacances d&rsquo;hiver 2026 :\u00a0<\/p><p>Du 7 f\u00e9vrier au 2 mars 2026.\u00a0 Stage \u00e0 la carte sur demande avec minimum 2 personnes (2, 3 ou 4 jours au choix en journ\u00e9e compl\u00e8te ou demi-journ\u00e9e). Choix de la technique : Modelage, Raku, Coulage porcelaine en fonction de la demande et du nombre de personnes.<\/p><p><em>Pour plus d&rsquo;informations me contacter au 0670261161<\/em><\/p><\/div>\t\t\t\t\t\t<\/div>\n\t\t\t\t<\/div>\n\t\t\t\t\t<\/div>\n\t\t\t\t<\/div>\n\t\t<div class=\"elementor-element elementor-element-46bf40f e-flex e-con-boxed e-con e-parent\" data-id=\"46bf40f\" data-element_type=\"container\" data-core-v316-plus=\"true\">\n\t\t\t\t\t<div class=\"e-con-inner\">\n\t\t\t\t<div class=\"elementor-element elementor-element-224df0c elementor-widget elementor-widget-text-editor\" data-id=\"224df0c\" data-element_type=\"widget\" data-widget_type=\"text-editor.default\">\n\t\t\t\t<div class=\"elementor-widget-container\">\n\t\t\t\t\t\t\t<div class=\"info\"><p><b>Conditions g\u00e9n\u00e9rales :<\/b><br \/><i>Le prix du stage comprend le mat\u00e9riel, la terre, l\u2019\u00e9maillage et 2 cuissons. Les pi\u00e8ces non reprises pendant le stage seront envoy\u00e9es \u00e0 vos frais.<br \/>Les stages accueil au minimum 3 personnes et au maximum 5 personnes.<\/i><\/p><\/div>\t\t\t\t\t\t<\/div>\n\t\t\t\t<\/div>\n\t\t\t\t\t<\/div>\n\t\t\t\t<\/div>\n\t\t\t\t<\/div>\n\t\t","protected":false},"excerpt":{"rendered":"<p>Vacances de Toussaint 2025 : Du 20 octobre au 24 octobre. Possibilit\u00e9 d\u2019organiser des stages Modelage, Raku, Coulage porcelaine en fonction de la demande et du nombre de personnes. Vacances d&rsquo;hiver 2026 :\u00a0 Du 7 f\u00e9vrier au 2 mars 2026.\u00a0 Stage \u00e0 la carte sur demande avec minimum 2 personnes (2, 3 ou 4 jours &hellip; <\/p>\n<p class=\"link-more\"><a href=\"https:\/\/www.lesateliersdepontajou.fr\/index.php\/ateliersdeceramiques\/date-des-stages\/\" class=\"more-link\">Continuer la lecture<span class=\"screen-reader-text\"> de &laquo;&nbsp;Date des stages&nbsp;&raquo;<\/span><\/a><\/p>\n","protected":false},"author":1,"featured_media":0,"parent":40,"menu_order":0,"comment_status":"closed","ping_status":"closed","template":"","meta":{"footnotes":""},"class_list":["post-57","page","type-page","status-publish","hentry"],"_links":{"self":[{"href":"https:\/\/www.lesateliersdepontajou.fr\/index.php\/wp-json\/wp\/v2\/pages\/57","targetHints":{"allow":["GET"]}}],"collection":[{"href":"https:\/\/www.lesateliersdepontajou.fr\/index.php\/wp-json\/wp\/v2\/pages"}],"about":[{"href":"https:\/\/www.lesateliersdepontajou.fr\/index.php\/wp-json\/wp\/v2\/types\/page"}],"author":[{"embeddable":true,"href":"https:\/\/www.lesateliersdepontajou.fr\/index.php\/wp-json\/wp\/v2\/users\/1"}],"replies":[{"embeddable":true,"href":"https:\/\/www.lesateliersdepontajou.fr\/index.php\/wp-json\/wp\/v2\/comments?post=57"}],"version-history":[{"count":97,"href":"https:\/\/www.lesateliersdepontajou.fr\/index.php\/wp-json\/wp\/v2\/pages\/57\/revisions"}],"predecessor-version":[{"id":1673,"href":"https:\/\/www.lesateliersdepontajou.fr\/index.php\/wp-json\/wp\/v2\/pages\/57\/revisions\/1673"}],"up":[{"embeddable":true,"href":"https:\/\/www.lesateliersdepontajou.fr\/index.php\/wp-json\/wp\/v2\/pages\/40"}],"wp:attachment":[{"href":"https:\/\/www.lesateliersdepontajou.fr\/index.php\/wp-json\/wp\/v2\/media?parent=57"}],"curies":[{"name":"wp","href":"https:\/\/api.w.org\/{rel}","templated":true}]}}