{"id":53,"date":"2024-03-29T22:59:33","date_gmt":"2024-03-29T21:59:33","guid":{"rendered":"https:\/\/www.lesateliersdepontajou.fr\/?page_id=53"},"modified":"2025-09-09T14:55:45","modified_gmt":"2025-09-09T12:55:45","slug":"cours","status":"publish","type":"page","link":"https:\/\/www.lesateliersdepontajou.fr\/index.php\/ateliersdeceramiques\/cours\/","title":{"rendered":"Cours"},"content":{"rendered":"\t\t<div data-elementor-type=\"wp-page\" data-elementor-id=\"53\" class=\"elementor elementor-53\">\n\t\t\t\t<div class=\"elementor-element elementor-element-2dbf211 e-flex e-con-boxed e-con e-parent\" data-id=\"2dbf211\" data-element_type=\"container\" data-core-v316-plus=\"true\">\n\t\t\t\t\t<div class=\"e-con-inner\">\n\t\t\t\t<div class=\"elementor-element elementor-element-9baab81 elementor-widget elementor-widget-heading\" data-id=\"9baab81\" data-element_type=\"widget\" data-widget_type=\"heading.default\">\n\t\t\t\t<div class=\"elementor-widget-container\">\n\t\t\t<style>\/*! elementor - v3.20.0 - 13-03-2024 *\/\n.elementor-heading-title{padding:0;margin:0;line-height:1}.elementor-widget-heading .elementor-heading-title[class*=elementor-size-]>a{color:inherit;font-size:inherit;line-height:inherit}.elementor-widget-heading .elementor-heading-title.elementor-size-small{font-size:15px}.elementor-widget-heading .elementor-heading-title.elementor-size-medium{font-size:19px}.elementor-widget-heading .elementor-heading-title.elementor-size-large{font-size:29px}.elementor-widget-heading .elementor-heading-title.elementor-size-xl{font-size:39px}.elementor-widget-heading .elementor-heading-title.elementor-size-xxl{font-size:59px}<\/style><h1 class=\"elementor-heading-title elementor-size-default\"><div class=\"titrepage\"><h1>Cours &amp; Initiation \u00e0 l\u2019estampage<\/h1><\/div><\/h1>\t\t<\/div>\n\t\t\t\t<\/div>\n\t\t\t\t\t<\/div>\n\t\t\t\t<\/div>\n\t\t<div class=\"elementor-element elementor-element-1bfadc1 e-flex e-con-boxed e-con e-parent\" data-id=\"1bfadc1\" data-element_type=\"container\" data-core-v316-plus=\"true\">\n\t\t\t\t\t<div class=\"e-con-inner\">\n\t\t\t\t<div class=\"elementor-element elementor-element-a857677 elementor-widget elementor-widget-text-editor\" data-id=\"a857677\" data-element_type=\"widget\" data-widget_type=\"text-editor.default\">\n\t\t\t\t<div class=\"elementor-widget-container\">\n\t\t\t<style>\/*! elementor - v3.20.0 - 13-03-2024 *\/\n.elementor-widget-text-editor.elementor-drop-cap-view-stacked .elementor-drop-cap{background-color:#69727d;color:#fff}.elementor-widget-text-editor.elementor-drop-cap-view-framed .elementor-drop-cap{color:#69727d;border:3px solid;background-color:transparent}.elementor-widget-text-editor:not(.elementor-drop-cap-view-default) .elementor-drop-cap{margin-top:8px}.elementor-widget-text-editor:not(.elementor-drop-cap-view-default) .elementor-drop-cap-letter{width:1em;height:1em}.elementor-widget-text-editor .elementor-drop-cap{float:left;text-align:center;line-height:1;font-size:50px}.elementor-widget-text-editor .elementor-drop-cap-letter{display:inline-block}<\/style>\t\t\t\t<div><p>Les cours offrent la possibilit\u00e9 de d\u00e9velopper sa sensibilit\u00e9 par le modelage de la terre au travers de l\u2019estampage, du colombin \nou encore de la plaque. Vous aborderez les techniques de pose de d\u00e9cor,  d\u2019engobe, d\u2019\u00e9mail lors d\u2019une progression \nm\u00e9thodique adapt\u00e9e \u00e0 chacun. Vous r\u00e9aliserez des pi\u00e8ces uniques, des objets du quotidien, des oeuvres d\u00e9coratives ou scuplturales. \n Des cours hebdomadaires r\u00e9guliers vous permettront de b\u00e9n\u00e9ficier d\u2019un apprentissage complet. \nLes cours sont destin\u00e9s aux enfants \u00e0 partir de 6 ans, aux adultes d\u00e9butants ou confirm\u00e9s.\nLors de l\u2019initiation \u00e0 la c\u00e9ramique, vous utiliserez la technique de l\u2019estampage en fa\u00e7onnant une coquille.   \n  <\/p><\/div>\t\t\t\t\t\t<\/div>\n\t\t\t\t<\/div>\n\t\t\t\t\t<\/div>\n\t\t\t\t<\/div>\n\t\t<div class=\"elementor-element elementor-element-d6c3426 e-grid e-con-boxed e-con e-parent\" data-id=\"d6c3426\" data-element_type=\"container\" data-core-v316-plus=\"true\">\n\t\t\t\t\t<div class=\"e-con-inner\">\n\t\t\t\t<div class=\"elementor-element elementor-element-111bc45 elementor-widget elementor-widget-text-editor\" data-id=\"111bc45\" data-element_type=\"widget\" data-widget_type=\"text-editor.default\">\n\t\t\t\t<div class=\"elementor-widget-container\">\n\t\t\t\t\t\t\t<div class=\"horaires\"><p>Horaires &amp; Tarifs<\/p><\/div><div><p>Cours hebdomadaires et iniatiation <b>2h \u00e0 40 \u20ac<br \/><\/b>(hors p\u00e9riodes de stages)<\/p><p>Initiation de <b>1h00 \u00e0 25 \u20ac* <br \/><\/b><br \/>(fabrication d\u2019une coquille)<br \/>Terre et cuissons comprises.<\/p><p>Pour toute demande, me contacter\u00a0 \u00a0 \u00a0 au 06 70 26 11 61<br \/>* envois en sus<\/p><\/div>\t\t\t\t\t\t<\/div>\n\t\t\t\t<\/div>\n\t\t\t\t<div class=\"elementor-element elementor-element-06dafac elementor-widget__width-initial e-transform elementor-widget-divider--view-line elementor-widget elementor-widget-divider\" data-id=\"06dafac\" data-element_type=\"widget\" data-settings=\"{&quot;_transform_rotateZ_effect&quot;:{&quot;unit&quot;:&quot;px&quot;,&quot;size&quot;:90,&quot;sizes&quot;:[]},&quot;_transform_rotateZ_effect_tablet&quot;:{&quot;unit&quot;:&quot;deg&quot;,&quot;size&quot;:&quot;&quot;,&quot;sizes&quot;:[]},&quot;_transform_rotateZ_effect_mobile&quot;:{&quot;unit&quot;:&quot;deg&quot;,&quot;size&quot;:&quot;&quot;,&quot;sizes&quot;:[]}}\" data-widget_type=\"divider.default\">\n\t\t\t\t<div class=\"elementor-widget-container\">\n\t\t\t<style>\/*! elementor - v3.20.0 - 13-03-2024 *\/\n.elementor-widget-divider{--divider-border-style:none;--divider-border-width:1px;--divider-color:#0c0d0e;--divider-icon-size:20px;--divider-element-spacing:10px;--divider-pattern-height:24px;--divider-pattern-size:20px;--divider-pattern-url:none;--divider-pattern-repeat:repeat-x}.elementor-widget-divider .elementor-divider{display:flex}.elementor-widget-divider .elementor-divider__text{font-size:15px;line-height:1;max-width:95%}.elementor-widget-divider .elementor-divider__element{margin:0 var(--divider-element-spacing);flex-shrink:0}.elementor-widget-divider .elementor-icon{font-size:var(--divider-icon-size)}.elementor-widget-divider .elementor-divider-separator{display:flex;margin:0;direction:ltr}.elementor-widget-divider--view-line_icon .elementor-divider-separator,.elementor-widget-divider--view-line_text .elementor-divider-separator{align-items:center}.elementor-widget-divider--view-line_icon .elementor-divider-separator:after,.elementor-widget-divider--view-line_icon .elementor-divider-separator:before,.elementor-widget-divider--view-line_text .elementor-divider-separator:after,.elementor-widget-divider--view-line_text .elementor-divider-separator:before{display:block;content:\"\";border-block-end:0;flex-grow:1;border-block-start:var(--divider-border-width) var(--divider-border-style) var(--divider-color)}.elementor-widget-divider--element-align-left .elementor-divider .elementor-divider-separator>.elementor-divider__svg:first-of-type{flex-grow:0;flex-shrink:100}.elementor-widget-divider--element-align-left .elementor-divider-separator:before{content:none}.elementor-widget-divider--element-align-left .elementor-divider__element{margin-left:0}.elementor-widget-divider--element-align-right .elementor-divider .elementor-divider-separator>.elementor-divider__svg:last-of-type{flex-grow:0;flex-shrink:100}.elementor-widget-divider--element-align-right .elementor-divider-separator:after{content:none}.elementor-widget-divider--element-align-right .elementor-divider__element{margin-right:0}.elementor-widget-divider--element-align-start .elementor-divider .elementor-divider-separator>.elementor-divider__svg:first-of-type{flex-grow:0;flex-shrink:100}.elementor-widget-divider--element-align-start .elementor-divider-separator:before{content:none}.elementor-widget-divider--element-align-start .elementor-divider__element{margin-inline-start:0}.elementor-widget-divider--element-align-end .elementor-divider .elementor-divider-separator>.elementor-divider__svg:last-of-type{flex-grow:0;flex-shrink:100}.elementor-widget-divider--element-align-end .elementor-divider-separator:after{content:none}.elementor-widget-divider--element-align-end .elementor-divider__element{margin-inline-end:0}.elementor-widget-divider:not(.elementor-widget-divider--view-line_text):not(.elementor-widget-divider--view-line_icon) .elementor-divider-separator{border-block-start:var(--divider-border-width) var(--divider-border-style) var(--divider-color)}.elementor-widget-divider--separator-type-pattern{--divider-border-style:none}.elementor-widget-divider--separator-type-pattern.elementor-widget-divider--view-line .elementor-divider-separator,.elementor-widget-divider--separator-type-pattern:not(.elementor-widget-divider--view-line) .elementor-divider-separator:after,.elementor-widget-divider--separator-type-pattern:not(.elementor-widget-divider--view-line) .elementor-divider-separator:before,.elementor-widget-divider--separator-type-pattern:not([class*=elementor-widget-divider--view]) .elementor-divider-separator{width:100%;min-height:var(--divider-pattern-height);-webkit-mask-size:var(--divider-pattern-size) 100%;mask-size:var(--divider-pattern-size) 100%;-webkit-mask-repeat:var(--divider-pattern-repeat);mask-repeat:var(--divider-pattern-repeat);background-color:var(--divider-color);-webkit-mask-image:var(--divider-pattern-url);mask-image:var(--divider-pattern-url)}.elementor-widget-divider--no-spacing{--divider-pattern-size:auto}.elementor-widget-divider--bg-round{--divider-pattern-repeat:round}.rtl .elementor-widget-divider .elementor-divider__text{direction:rtl}.e-con-inner>.elementor-widget-divider,.e-con>.elementor-widget-divider{width:var(--container-widget-width,100%);--flex-grow:var(--container-widget-flex-grow)}<\/style>\t\t<div class=\"elementor-divider\">\n\t\t\t<span class=\"elementor-divider-separator\">\n\t\t\t\t\t\t<\/span>\n\t\t<\/div>\n\t\t\t\t<\/div>\n\t\t\t\t<\/div>\n\t\t\t\t<div class=\"elementor-element elementor-element-588c587 elementor-widget elementor-widget-text-editor\" data-id=\"588c587\" data-element_type=\"widget\" data-widget_type=\"text-editor.default\">\n\t\t\t\t<div class=\"elementor-widget-container\">\n\t\t\t\t\t\t\t<div class=\"horaires\"><h2>\n\nLieu\n\n<\/h2><\/div>\n<div class=\"atelier\">\n<h2>Atelier boutique<br>\nSandrine Hurtrer<\/h2>\n<\/div>\n<div><p>\n06 70 26 11 61<br>\nLes Ateliers de Pontajou\n8 place Joseph Limozin &#8211; 43170 Saugues\n\n<\/p><\/div>\t\t\t\t\t\t<\/div>\n\t\t\t\t<\/div>\n\t\t\t\t\t<\/div>\n\t\t\t\t<\/div>\n\t\t<div class=\"elementor-element elementor-element-1f02683 e-flex e-con-boxed e-con e-parent\" data-id=\"1f02683\" data-element_type=\"container\" data-core-v316-plus=\"true\">\n\t\t\t\t\t<div class=\"e-con-inner\">\n\t\t\t\t<div class=\"elementor-element elementor-element-5d8a11b elementor-align-center elementor-widget elementor-widget-button\" data-id=\"5d8a11b\" data-element_type=\"widget\" data-widget_type=\"button.default\">\n\t\t\t\t<div class=\"elementor-widget-container\">\n\t\t\t\t\t<div class=\"elementor-button-wrapper\">\n\t\t\t<a class=\"elementor-button elementor-button-link elementor-size-sm\" href=\"https:\/\/les-ateliers-de-pontajou.amenitiz.io\/fr\/booking\/room\" target=\"_blank\">\n\t\t\t\t\t\t<span class=\"elementor-button-content-wrapper\">\n\t\t\t\t\t\t<span class=\"elementor-button-text\">R\u00e9server<\/span>\n\t\t<\/span>\n\t\t\t\t\t<\/a>\n\t\t<\/div>\n\t\t\t\t<\/div>\n\t\t\t\t<\/div>\n\t\t\t\t\t<\/div>\n\t\t\t\t<\/div>\n\t\t<div class=\"elementor-element elementor-element-acf802f e-grid e-con-boxed e-con e-parent\" data-id=\"acf802f\" data-element_type=\"container\" data-core-v316-plus=\"true\">\n\t\t\t\t\t<div class=\"e-con-inner\">\n\t\t\t\t<div class=\"elementor-element elementor-element-e4c3db7 elementor-widget elementor-widget-image\" data-id=\"e4c3db7\" data-element_type=\"widget\" data-widget_type=\"image.default\">\n\t\t\t\t<div class=\"elementor-widget-container\">\n\t\t\t<style>\/*! elementor - v3.20.0 - 13-03-2024 *\/\n.elementor-widget-image{text-align:center}.elementor-widget-image a{display:inline-block}.elementor-widget-image a img[src$=\".svg\"]{width:48px}.elementor-widget-image img{vertical-align:middle;display:inline-block}<\/style>\t\t\t\t\t\t\t\t\t\t<img fetchpriority=\"high\" decoding=\"async\" width=\"525\" height=\"535\" src=\"https:\/\/www.lesateliersdepontajou.fr\/wp-content\/uploads\/2024\/04\/ceramique3-1004x1024.jpg\" class=\"attachment-large size-large wp-image-645\" alt=\"\" srcset=\"https:\/\/www.lesateliersdepontajou.fr\/wp-content\/uploads\/2024\/04\/ceramique3-1004x1024.jpg 1004w, https:\/\/www.lesateliersdepontajou.fr\/wp-content\/uploads\/2024\/04\/ceramique3-294x300.jpg 294w, https:\/\/www.lesateliersdepontajou.fr\/wp-content\/uploads\/2024\/04\/ceramique3-768x783.jpg 768w, https:\/\/www.lesateliersdepontajou.fr\/wp-content\/uploads\/2024\/04\/ceramique3-1507x1536.jpg 1507w, https:\/\/www.lesateliersdepontajou.fr\/wp-content\/uploads\/2024\/04\/ceramique3-2009x2048.jpg 2009w\" sizes=\"100vw\" \/>\t\t\t\t\t\t\t\t\t\t\t\t\t<\/div>\n\t\t\t\t<\/div>\n\t\t\t\t<div class=\"elementor-element elementor-element-7d6b4f7 elementor-widget elementor-widget-image\" data-id=\"7d6b4f7\" data-element_type=\"widget\" data-widget_type=\"image.default\">\n\t\t\t\t<div class=\"elementor-widget-container\">\n\t\t\t\t\t\t\t\t\t\t\t\t\t<img decoding=\"async\" width=\"525\" height=\"535\" src=\"https:\/\/www.lesateliersdepontajou.fr\/wp-content\/uploads\/2024\/03\/modelage-1004x1024.jpg\" class=\"attachment-large size-large wp-image-300\" alt=\"\" srcset=\"https:\/\/www.lesateliersdepontajou.fr\/wp-content\/uploads\/2024\/03\/modelage-1004x1024.jpg 1004w, https:\/\/www.lesateliersdepontajou.fr\/wp-content\/uploads\/2024\/03\/modelage-294x300.jpg 294w, https:\/\/www.lesateliersdepontajou.fr\/wp-content\/uploads\/2024\/03\/modelage-768x783.jpg 768w, https:\/\/www.lesateliersdepontajou.fr\/wp-content\/uploads\/2024\/03\/modelage-1507x1536.jpg 1507w, https:\/\/www.lesateliersdepontajou.fr\/wp-content\/uploads\/2024\/03\/modelage-2009x2048.jpg 2009w\" sizes=\"100vw\" \/>\t\t\t\t\t\t\t\t\t\t\t\t\t<\/div>\n\t\t\t\t<\/div>\n\t\t\t\t<div class=\"elementor-element elementor-element-2cd7e37 elementor-widget elementor-widget-image\" data-id=\"2cd7e37\" data-element_type=\"widget\" data-widget_type=\"image.default\">\n\t\t\t\t<div class=\"elementor-widget-container\">\n\t\t\t\t\t\t\t\t\t\t\t\t\t<img decoding=\"async\" width=\"525\" height=\"535\" src=\"https:\/\/www.lesateliersdepontajou.fr\/wp-content\/uploads\/2024\/04\/coursceramique-1004x1024.jpg\" class=\"attachment-large size-large wp-image-646\" alt=\"\" srcset=\"https:\/\/www.lesateliersdepontajou.fr\/wp-content\/uploads\/2024\/04\/coursceramique-1004x1024.jpg 1004w, https:\/\/www.lesateliersdepontajou.fr\/wp-content\/uploads\/2024\/04\/coursceramique-294x300.jpg 294w, https:\/\/www.lesateliersdepontajou.fr\/wp-content\/uploads\/2024\/04\/coursceramique-768x783.jpg 768w, https:\/\/www.lesateliersdepontajou.fr\/wp-content\/uploads\/2024\/04\/coursceramique-1507x1536.jpg 1507w, https:\/\/www.lesateliersdepontajou.fr\/wp-content\/uploads\/2024\/04\/coursceramique-2009x2048.jpg 2009w\" sizes=\"100vw\" \/>\t\t\t\t\t\t\t\t\t\t\t\t\t<\/div>\n\t\t\t\t<\/div>\n\t\t\t\t<div class=\"elementor-element elementor-element-4d82df0 elementor-widget elementor-widget-image\" data-id=\"4d82df0\" data-element_type=\"widget\" data-widget_type=\"image.default\">\n\t\t\t\t<div class=\"elementor-widget-container\">\n\t\t\t\t\t\t\t\t\t\t\t\t\t<img loading=\"lazy\" decoding=\"async\" width=\"525\" height=\"535\" src=\"https:\/\/www.lesateliersdepontajou.fr\/wp-content\/uploads\/2024\/04\/ceramique2-1004x1024.jpg\" class=\"attachment-large size-large wp-image-643\" alt=\"\" srcset=\"https:\/\/www.lesateliersdepontajou.fr\/wp-content\/uploads\/2024\/04\/ceramique2-1004x1024.jpg 1004w, https:\/\/www.lesateliersdepontajou.fr\/wp-content\/uploads\/2024\/04\/ceramique2-294x300.jpg 294w, https:\/\/www.lesateliersdepontajou.fr\/wp-content\/uploads\/2024\/04\/ceramique2-768x783.jpg 768w, https:\/\/www.lesateliersdepontajou.fr\/wp-content\/uploads\/2024\/04\/ceramique2-1507x1536.jpg 1507w, https:\/\/www.lesateliersdepontajou.fr\/wp-content\/uploads\/2024\/04\/ceramique2-2009x2048.jpg 2009w\" sizes=\"100vw\" \/>\t\t\t\t\t\t\t\t\t\t\t\t\t<\/div>\n\t\t\t\t<\/div>\n\t\t\t\t<div class=\"elementor-element elementor-element-ee66f9c elementor-widget elementor-widget-image\" data-id=\"ee66f9c\" data-element_type=\"widget\" data-widget_type=\"image.default\">\n\t\t\t\t<div class=\"elementor-widget-container\">\n\t\t\t\t\t\t\t\t\t\t\t\t\t<img loading=\"lazy\" decoding=\"async\" width=\"525\" height=\"535\" src=\"https:\/\/www.lesateliersdepontajou.fr\/wp-content\/uploads\/2024\/04\/ceramique-1004x1024.jpg\" class=\"attachment-large size-large wp-image-642\" alt=\"\" srcset=\"https:\/\/www.lesateliersdepontajou.fr\/wp-content\/uploads\/2024\/04\/ceramique-1004x1024.jpg 1004w, https:\/\/www.lesateliersdepontajou.fr\/wp-content\/uploads\/2024\/04\/ceramique-294x300.jpg 294w, https:\/\/www.lesateliersdepontajou.fr\/wp-content\/uploads\/2024\/04\/ceramique-768x783.jpg 768w, https:\/\/www.lesateliersdepontajou.fr\/wp-content\/uploads\/2024\/04\/ceramique-1507x1536.jpg 1507w, https:\/\/www.lesateliersdepontajou.fr\/wp-content\/uploads\/2024\/04\/ceramique-2009x2048.jpg 2009w\" sizes=\"100vw\" \/>\t\t\t\t\t\t\t\t\t\t\t\t\t<\/div>\n\t\t\t\t<\/div>\n\t\t\t\t<div class=\"elementor-element elementor-element-5e306cc elementor-widget elementor-widget-image\" data-id=\"5e306cc\" data-element_type=\"widget\" data-widget_type=\"image.default\">\n\t\t\t\t<div class=\"elementor-widget-container\">\n\t\t\t\t\t\t\t\t\t\t\t\t\t<img loading=\"lazy\" decoding=\"async\" width=\"525\" height=\"535\" src=\"https:\/\/www.lesateliersdepontajou.fr\/wp-content\/uploads\/2024\/04\/ceramiques-1004x1024.jpg\" class=\"attachment-large size-large wp-image-644\" alt=\"\" srcset=\"https:\/\/www.lesateliersdepontajou.fr\/wp-content\/uploads\/2024\/04\/ceramiques-1004x1024.jpg 1004w, https:\/\/www.lesateliersdepontajou.fr\/wp-content\/uploads\/2024\/04\/ceramiques-294x300.jpg 294w, https:\/\/www.lesateliersdepontajou.fr\/wp-content\/uploads\/2024\/04\/ceramiques-768x783.jpg 768w, https:\/\/www.lesateliersdepontajou.fr\/wp-content\/uploads\/2024\/04\/ceramiques-1507x1536.jpg 1507w, https:\/\/www.lesateliersdepontajou.fr\/wp-content\/uploads\/2024\/04\/ceramiques-2009x2048.jpg 2009w\" sizes=\"100vw\" \/>\t\t\t\t\t\t\t\t\t\t\t\t\t<\/div>\n\t\t\t\t<\/div>\n\t\t\t\t\t<\/div>\n\t\t\t\t<\/div>\n\t\t\t\t<\/div>\n\t\t","protected":false},"excerpt":{"rendered":"<p>Cours &amp; Initiation \u00e0 l\u2019estampage Les cours offrent la possibilit\u00e9 de d\u00e9velopper sa sensibilit\u00e9 par le modelage de la terre au travers de l\u2019estampage, du colombin ou encore de la plaque. Vous aborderez les techniques de pose de d\u00e9cor, d\u2019engobe, d\u2019\u00e9mail lors d\u2019une progression m\u00e9thodique adapt\u00e9e \u00e0 chacun. Vous r\u00e9aliserez des pi\u00e8ces uniques, des objets &hellip; <\/p>\n<p class=\"link-more\"><a href=\"https:\/\/www.lesateliersdepontajou.fr\/index.php\/ateliersdeceramiques\/cours\/\" class=\"more-link\">Continuer la lecture<span class=\"screen-reader-text\"> de &laquo;&nbsp;Cours&nbsp;&raquo;<\/span><\/a><\/p>\n","protected":false},"author":1,"featured_media":0,"parent":40,"menu_order":0,"comment_status":"closed","ping_status":"closed","template":"","meta":{"footnotes":""},"class_list":["post-53","page","type-page","status-publish","hentry"],"_links":{"self":[{"href":"https:\/\/www.lesateliersdepontajou.fr\/index.php\/wp-json\/wp\/v2\/pages\/53","targetHints":{"allow":["GET"]}}],"collection":[{"href":"https:\/\/www.lesateliersdepontajou.fr\/index.php\/wp-json\/wp\/v2\/pages"}],"about":[{"href":"https:\/\/www.lesateliersdepontajou.fr\/index.php\/wp-json\/wp\/v2\/types\/page"}],"author":[{"embeddable":true,"href":"https:\/\/www.lesateliersdepontajou.fr\/index.php\/wp-json\/wp\/v2\/users\/1"}],"replies":[{"embeddable":true,"href":"https:\/\/www.lesateliersdepontajou.fr\/index.php\/wp-json\/wp\/v2\/comments?post=53"}],"version-history":[{"count":118,"href":"https:\/\/www.lesateliersdepontajou.fr\/index.php\/wp-json\/wp\/v2\/pages\/53\/revisions"}],"predecessor-version":[{"id":1670,"href":"https:\/\/www.lesateliersdepontajou.fr\/index.php\/wp-json\/wp\/v2\/pages\/53\/revisions\/1670"}],"up":[{"embeddable":true,"href":"https:\/\/www.lesateliersdepontajou.fr\/index.php\/wp-json\/wp\/v2\/pages\/40"}],"wp:attachment":[{"href":"https:\/\/www.lesateliersdepontajou.fr\/index.php\/wp-json\/wp\/v2\/media?parent=53"}],"curies":[{"name":"wp","href":"https:\/\/api.w.org\/{rel}","templated":true}]}}