{"id":51,"date":"2024-03-29T22:59:08","date_gmt":"2024-03-29T21:59:08","guid":{"rendered":"https:\/\/www.lesateliersdepontajou.fr\/?page_id=51"},"modified":"2025-07-01T16:52:35","modified_gmt":"2025-07-01T14:52:35","slug":"monparcours","status":"publish","type":"page","link":"https:\/\/www.lesateliersdepontajou.fr\/index.php\/ateliersdeceramiques\/monparcours\/","title":{"rendered":"Mon parcours"},"content":{"rendered":"\t\t<div data-elementor-type=\"wp-page\" data-elementor-id=\"51\" class=\"elementor elementor-51\">\n\t\t\t\t<div class=\"elementor-element elementor-element-913c718 e-flex e-con-boxed e-con e-parent\" data-id=\"913c718\" data-element_type=\"container\" data-core-v316-plus=\"true\">\n\t\t\t\t\t<div class=\"e-con-inner\">\n\t\t\t\t<div class=\"elementor-element elementor-element-d748e4e elementor-widget elementor-widget-heading\" data-id=\"d748e4e\" data-element_type=\"widget\" data-widget_type=\"heading.default\">\n\t\t\t\t<div class=\"elementor-widget-container\">\n\t\t\t<style>\/*! elementor - v3.20.0 - 13-03-2024 *\/\n.elementor-heading-title{padding:0;margin:0;line-height:1}.elementor-widget-heading .elementor-heading-title[class*=elementor-size-]>a{color:inherit;font-size:inherit;line-height:inherit}.elementor-widget-heading .elementor-heading-title.elementor-size-small{font-size:15px}.elementor-widget-heading .elementor-heading-title.elementor-size-medium{font-size:19px}.elementor-widget-heading .elementor-heading-title.elementor-size-large{font-size:29px}.elementor-widget-heading .elementor-heading-title.elementor-size-xl{font-size:39px}.elementor-widget-heading .elementor-heading-title.elementor-size-xxl{font-size:59px}<\/style><h1 class=\"elementor-heading-title elementor-size-default\"><div class=\"titrepage\"><h1>Mon parcours<\/h1><\/div><\/h1>\t\t<\/div>\n\t\t\t\t<\/div>\n\t\t\t\t\t<\/div>\n\t\t\t\t<\/div>\n\t\t<div class=\"elementor-element elementor-element-24d0fd0 e-flex e-con-boxed e-con e-parent\" data-id=\"24d0fd0\" data-element_type=\"container\" data-core-v316-plus=\"true\">\n\t\t\t\t\t<div class=\"e-con-inner\">\n\t\t\t\t<div class=\"elementor-element elementor-element-f002cf7 elementor-widget elementor-widget-text-editor\" data-id=\"f002cf7\" data-element_type=\"widget\" data-widget_type=\"text-editor.default\">\n\t\t\t\t<div class=\"elementor-widget-container\">\n\t\t\t<style>\/*! elementor - v3.20.0 - 13-03-2024 *\/\n.elementor-widget-text-editor.elementor-drop-cap-view-stacked .elementor-drop-cap{background-color:#69727d;color:#fff}.elementor-widget-text-editor.elementor-drop-cap-view-framed .elementor-drop-cap{color:#69727d;border:3px solid;background-color:transparent}.elementor-widget-text-editor:not(.elementor-drop-cap-view-default) .elementor-drop-cap{margin-top:8px}.elementor-widget-text-editor:not(.elementor-drop-cap-view-default) .elementor-drop-cap-letter{width:1em;height:1em}.elementor-widget-text-editor .elementor-drop-cap{float:left;text-align:center;line-height:1;font-size:50px}.elementor-widget-text-editor .elementor-drop-cap-letter{display:inline-block}<\/style>\t\t\t\t<div><p>C\u00e9ramiste plasticienne depuis plus de 20 ans, je vous accueille dans mon atelier \u00e0 Saugues, en Auvergne. Mon inspiration vient de  la nature. \nJ\u2019aime observer, contempler et m\u2019impr\u00e9gner de sensations. Je les retranscris dans la c\u00e9ramique et la gravure.\n\n\n<\/p><\/div>\t\t\t\t\t\t<\/div>\n\t\t\t\t<\/div>\n\t\t\t\t\t<\/div>\n\t\t\t\t<\/div>\n\t\t<div class=\"elementor-element elementor-element-428415d e-grid e-con-boxed e-con e-parent\" data-id=\"428415d\" data-element_type=\"container\" data-core-v316-plus=\"true\">\n\t\t\t\t\t<div class=\"e-con-inner\">\n\t\t\t\t<div class=\"elementor-element elementor-element-2d2429e elementor-widget elementor-widget-image\" data-id=\"2d2429e\" data-element_type=\"widget\" data-widget_type=\"image.default\">\n\t\t\t\t<div class=\"elementor-widget-container\">\n\t\t\t<style>\/*! elementor - v3.20.0 - 13-03-2024 *\/\n.elementor-widget-image{text-align:center}.elementor-widget-image a{display:inline-block}.elementor-widget-image a img[src$=\".svg\"]{width:48px}.elementor-widget-image img{vertical-align:middle;display:inline-block}<\/style>\t\t\t\t\t\t\t\t\t\t<img fetchpriority=\"high\" decoding=\"async\" width=\"525\" height=\"535\" src=\"https:\/\/www.lesateliersdepontajou.fr\/wp-content\/uploads\/2024\/04\/cera_beige-1004x1024.jpg\" class=\"attachment-large size-large wp-image-712\" alt=\"\" srcset=\"https:\/\/www.lesateliersdepontajou.fr\/wp-content\/uploads\/2024\/04\/cera_beige-1004x1024.jpg 1004w, https:\/\/www.lesateliersdepontajou.fr\/wp-content\/uploads\/2024\/04\/cera_beige-294x300.jpg 294w, https:\/\/www.lesateliersdepontajou.fr\/wp-content\/uploads\/2024\/04\/cera_beige-768x783.jpg 768w, https:\/\/www.lesateliersdepontajou.fr\/wp-content\/uploads\/2024\/04\/cera_beige-1507x1536.jpg 1507w, https:\/\/www.lesateliersdepontajou.fr\/wp-content\/uploads\/2024\/04\/cera_beige-2009x2048.jpg 2009w\" sizes=\"100vw\" \/>\t\t\t\t\t\t\t\t\t\t\t\t\t<\/div>\n\t\t\t\t<\/div>\n\t\t\t\t<div class=\"elementor-element elementor-element-6a5167d elementor-widget elementor-widget-image\" data-id=\"6a5167d\" data-element_type=\"widget\" data-widget_type=\"image.default\">\n\t\t\t\t<div class=\"elementor-widget-container\">\n\t\t\t\t\t\t\t\t\t\t\t\t\t<img decoding=\"async\" width=\"525\" height=\"535\" src=\"https:\/\/www.lesateliersdepontajou.fr\/wp-content\/uploads\/2024\/04\/potbeige-1004x1024.jpg\" class=\"attachment-large size-large wp-image-713\" alt=\"\" srcset=\"https:\/\/www.lesateliersdepontajou.fr\/wp-content\/uploads\/2024\/04\/potbeige-1004x1024.jpg 1004w, https:\/\/www.lesateliersdepontajou.fr\/wp-content\/uploads\/2024\/04\/potbeige-294x300.jpg 294w, https:\/\/www.lesateliersdepontajou.fr\/wp-content\/uploads\/2024\/04\/potbeige-768x783.jpg 768w, https:\/\/www.lesateliersdepontajou.fr\/wp-content\/uploads\/2024\/04\/potbeige-1507x1536.jpg 1507w, https:\/\/www.lesateliersdepontajou.fr\/wp-content\/uploads\/2024\/04\/potbeige-2009x2048.jpg 2009w\" sizes=\"100vw\" \/>\t\t\t\t\t\t\t\t\t\t\t\t\t<\/div>\n\t\t\t\t<\/div>\n\t\t\t\t\t<\/div>\n\t\t\t\t<\/div>\n\t\t<div class=\"elementor-element elementor-element-395c2ae e-flex e-con-boxed e-con e-parent\" data-id=\"395c2ae\" data-element_type=\"container\" data-core-v316-plus=\"true\">\n\t\t\t\t\t<div class=\"e-con-inner\">\n\t\t\t\t<div class=\"elementor-element elementor-element-e00cc72 elementor-widget elementor-widget-text-editor\" data-id=\"e00cc72\" data-element_type=\"widget\" data-widget_type=\"text-editor.default\">\n\t\t\t\t<div class=\"elementor-widget-container\">\n\t\t\t\t\t\t\t<div>\n<p>\nMes sculptures d\u2019ornementation, mes frises d\u2019horizon et pi\u00e8ces florales sont r\u00e9alis\u00e9es \u00e0 partir de gr\u00e8s ou de porcelaine engob\u00e9e et \u00e9maill\u00e9e.\nSuivant les formes de mes pi\u00e8ces, je cr\u00e9e des \u00e9maux avec des mati\u00e8res premi\u00e8res que je r\u00e9cup\u00e8re dans la nature.\nMa gravure reprend diff\u00e9rentes techniques comme l\u2019estampe, la broderie, le piquetage mais aussi la c\u00e9ramique que j\u2019int\u00e8gre dans mes exp\u00e9riences de gravure.\nCe qui m\u2019anime, c\u2019est la recherche, l\u2019exp\u00e9rimentation, m\u00e9langer diff\u00e9rentes techniques, travailler la c\u00e9ramique et la gravure simultan\u00e9ment.\nAu-del\u00e0 de mes expositions, mon atelier est visible aux Ateliers de Pontajou \u00e0 Saugues.<\/p>\n\n<\/div>\t\t\t\t\t\t<\/div>\n\t\t\t\t<\/div>\n\t\t\t\t\t<\/div>\n\t\t\t\t<\/div>\n\t\t\t\t<\/div>\n\t\t","protected":false},"excerpt":{"rendered":"<p>Mon parcours C\u00e9ramiste plasticienne depuis plus de 20 ans, je vous accueille dans mon atelier \u00e0 Saugues, en Auvergne. Mon inspiration vient de la nature. J\u2019aime observer, contempler et m\u2019impr\u00e9gner de sensations. Je les retranscris dans la c\u00e9ramique et la gravure. Mes sculptures d\u2019ornementation, mes frises d\u2019horizon et pi\u00e8ces florales sont r\u00e9alis\u00e9es \u00e0 partir de &hellip; <\/p>\n<p class=\"link-more\"><a href=\"https:\/\/www.lesateliersdepontajou.fr\/index.php\/ateliersdeceramiques\/monparcours\/\" class=\"more-link\">Continuer la lecture<span class=\"screen-reader-text\"> de &laquo;&nbsp;Mon parcours&nbsp;&raquo;<\/span><\/a><\/p>\n","protected":false},"author":1,"featured_media":0,"parent":40,"menu_order":0,"comment_status":"closed","ping_status":"closed","template":"","meta":{"footnotes":""},"class_list":["post-51","page","type-page","status-publish","hentry"],"_links":{"self":[{"href":"https:\/\/www.lesateliersdepontajou.fr\/index.php\/wp-json\/wp\/v2\/pages\/51","targetHints":{"allow":["GET"]}}],"collection":[{"href":"https:\/\/www.lesateliersdepontajou.fr\/index.php\/wp-json\/wp\/v2\/pages"}],"about":[{"href":"https:\/\/www.lesateliersdepontajou.fr\/index.php\/wp-json\/wp\/v2\/types\/page"}],"author":[{"embeddable":true,"href":"https:\/\/www.lesateliersdepontajou.fr\/index.php\/wp-json\/wp\/v2\/users\/1"}],"replies":[{"embeddable":true,"href":"https:\/\/www.lesateliersdepontajou.fr\/index.php\/wp-json\/wp\/v2\/comments?post=51"}],"version-history":[{"count":16,"href":"https:\/\/www.lesateliersdepontajou.fr\/index.php\/wp-json\/wp\/v2\/pages\/51\/revisions"}],"predecessor-version":[{"id":1619,"href":"https:\/\/www.lesateliersdepontajou.fr\/index.php\/wp-json\/wp\/v2\/pages\/51\/revisions\/1619"}],"up":[{"embeddable":true,"href":"https:\/\/www.lesateliersdepontajou.fr\/index.php\/wp-json\/wp\/v2\/pages\/40"}],"wp:attachment":[{"href":"https:\/\/www.lesateliersdepontajou.fr\/index.php\/wp-json\/wp\/v2\/media?parent=51"}],"curies":[{"name":"wp","href":"https:\/\/api.w.org\/{rel}","templated":true}]}}